{"id":1695,"date":"2023-08-30T10:13:05","date_gmt":"2023-08-30T08:13:05","guid":{"rendered":"https:\/\/www.mrcoueron.fr\/?page_id=1695"},"modified":"2025-06-01T23:24:00","modified_gmt":"2025-06-01T21:24:00","slug":"marche-classique","status":"publish","type":"page","link":"https:\/\/www.mrcoueron.fr\/index.php\/marche-classique\/","title":{"rendered":"Marche Classique"},"content":{"rendered":"<div data-colibri-id=\"1695-c1\" class=\"style-731 style-local-1695-c1 position-relative\">\n  <!---->\n  <div data-colibri-component=\"section\" data-colibri-id=\"1695-c2\" id=\"custom\" class=\"h-section h-section-global-spacing d-flex align-items-lg-start align-items-md-start align-items-start style-732 style-local-1695-c2 position-relative\">\n    <!---->\n    <!---->\n    <div class=\"h-section-grid-container h-section-boxed-container\">\n      <!---->\n      <div data-colibri-id=\"1695-c3\" class=\"h-row-container gutters-row-lg-0 gutters-row-md-0 gutters-row-0 gutters-row-v-lg-0 gutters-row-v-md-0 gutters-row-v-0 style-768 style-local-1695-c3 position-relative\">\n        <!---->\n        <div class=\"h-row justify-content-lg-center justify-content-md-center justify-content-center align-items-lg-stretch align-items-md-stretch align-items-stretch gutters-col-lg-0 gutters-col-md-0 gutters-col-0 gutters-col-v-lg-0 gutters-col-v-md-0 gutters-col-v-0\">\n          <!---->\n          <div class=\"h-column h-column-container d-flex h-col-lg-auto h-col-md-auto h-col-auto style-769-outer style-local-1695-c4-outer\">\n            <div data-colibri-id=\"1695-c4\" class=\"d-flex h-flex-basis h-column__inner h-px-lg-0 h-px-md-0 h-px-0 v-inner-lg-0 v-inner-md-0 v-inner-0 style-769 style-local-1695-c4 position-relative\">\n              <!---->\n              <!---->\n              <div class=\"w-100 h-y-container h-column__content h-column__v-align flex-basis-100 align-self-lg-start align-self-md-start align-self-start\">\n                <!---->\n                <div data-colibri-id=\"1695-c5\" class=\"h-text h-text-component style-771 style-local-1695-c5 position-relative h-element\">\n                  <!---->\n                  <!---->\n                  <div class=\"\">\n                    <p>Les jours de marche classique sont (avec l&rsquo;allure) :<\/p>\n                    <p>&#8211; mardi (9h15) : allure 5.5 km\/h<\/p>\n                    <p>&#8211; jeudi (14h) : allure 5 km\/h<\/p>\n                    <p>&#8211; samedi (14h15) : allure 5.5 km\/h<\/p>\n                    <p>Concernant les lieux de marche : voir les calendriers<\/p>\n                    <p><span style=\"font-weight: 400; font-size: 16px; font-family: &quot;Open Sans&quot;; color: rgb(70, 112, 127);\">Renseignements aupr\u00e8s de Fran\u00e7oise Le Pors, <\/span><\/p>\n                  <\/div>\n                <\/div>\n              <\/div>\n            <\/div>\n          <\/div>\n        <\/div>\n      <\/div>\n      <div data-colibri-id=\"1695-c6\" class=\"h-row-container gutters-row-lg-0 gutters-row-md-0 gutters-row-0 gutters-row-v-lg-0 gutters-row-v-md-0 gutters-row-v-0 style-772 style-local-1695-c6 position-relative\">\n        <!---->\n        <div class=\"h-row justify-content-lg-center justify-content-md-center justify-content-center align-items-lg-stretch align-items-md-stretch align-items-stretch gutters-col-lg-0 gutters-col-md-0 gutters-col-0 gutters-col-v-lg-0 gutters-col-v-md-0 gutters-col-v-0\">\n          <!---->\n          <div class=\"h-column h-column-container d-flex h-col-lg-auto h-col-md-auto h-col-auto style-773-outer style-local-1695-c7-outer\">\n            <div data-colibri-id=\"1695-c7\" class=\"d-flex h-flex-basis h-column__inner h-px-lg-0 h-px-md-0 h-px-0 v-inner-lg-0 v-inner-md-0 v-inner-0 style-773 style-local-1695-c7 position-relative\">\n              <!---->\n              <!---->\n              <div class=\"w-100 h-y-container h-column__content h-column__v-align flex-basis-100 align-self-lg-start align-self-md-start align-self-start\">\n                <!---->\n                <div data-colibri-id=\"1695-c8\" class=\"h-x-container style-775 style-local-1695-c8 position-relative h-element\">\n                  <!---->\n                  <div class=\"h-x-container-inner style-dynamic-1695-c8-group style-775-spacing style-local-1695-c8-spacing\"><span class=\"h-link__outer style-776-outer style-local-1695-c9-outer d-inline-flex h-element\"><a h-use-smooth-scroll=\"true\" href=\"https:\/\/www.mrcoueron.fr\/index.php\/contacts\/\"  data-colibri-id=\"1695-c9\" class=\"d-flex w-100 align-items-center h-link style-776 style-local-1695-c9 position-relative\"><!----><!----> <span>page \u00ab\u00a0contacts\u00a0\u00bb<\/span><\/a>\n                    <\/span>\n                  <\/div>\n                <\/div>\n              <\/div>\n            <\/div>\n          <\/div>\n        <\/div>\n      <\/div>\n      <div data-colibri-id=\"1695-c10\" class=\"h-row-container gutters-row-lg-1 gutters-row-md-1 gutters-row-0 gutters-row-v-lg-1 gutters-row-v-md-1 gutters-row-v-1 style-733 style-local-1695-c10 position-relative\">\n        <!---->\n        <div class=\"h-row justify-content-lg-center justify-content-md-center justify-content-center align-items-lg-stretch align-items-md-stretch align-items-stretch gutters-col-lg-1 gutters-col-md-1 gutters-col-0 gutters-col-v-lg-1 gutters-col-v-md-1 gutters-col-v-1\">\n          <!---->\n          <div class=\"h-column h-column-container d-flex h-col-lg-auto h-col-md-auto h-col-auto style-734-outer style-local-1695-c11-outer\">\n            <div data-colibri-id=\"1695-c11\" class=\"d-flex h-flex-basis h-column__inner h-px-lg-0 h-px-md-0 h-px-0 v-inner-lg-0 v-inner-md-0 v-inner-0 style-734 style-local-1695-c11 position-relative\">\n              <!---->\n              <!---->\n              <div class=\"w-100 h-y-container h-column__content h-column__v-align flex-basis-100 align-self-lg-start align-self-md-start align-self-start\">\n                <!---->\n                <div data-colibri-id=\"1695-c12\" class=\"h-text h-text-component style-735 style-local-1695-c12 position-relative h-element\">\n                  <!---->\n                  <!---->\n                  <div class=\"\">\n                    <p>Du sociologue David Le Breton auteur du livre \u00ab Marcher, \u00e9loge des chemins et de la lenteur \u00bb.<\/p>\n                    <p>\u00ab Quand on marche \u00e0 plusieurs on prend le temps de s\u2019\u00e9couter, de se r\u00e9pondre, d\u2019argumenter. La marche est une extraordinaire bulle qui permet de retrouver l\u2019autre, car on n\u2019est plus crisp\u00e9 sur le quotidien. On devient capable de s\u2019ouvrir.\n                      Elle occasionne aussi des rencontres. La randonn\u00e9e suspend toutes les contraintes d\u2019identit\u00e9. Que vous soyez prince ou ch\u00f4meur, nul ne sait qui vous \u00eates. Dans les gites d\u2019\u00e9tape, on \u00e9change sur les difficult\u00e9s du chemin, la beaut\u00e9\n                      d\u2019un lac : on revient \u00e0 des choses \u00e9l\u00e9mentaires, car on n\u2019a plus de personnage \u00e0 assumer. Un anonyme qui rencontre un anonyme et qui parle de la condition humaine, il y a une bienveillance mutuelle. Tout le monde est \u00e0 hauteur d\u2019homme\n                      et de femme, de visage \u00e0 visage, de voix \u00e0 voix. \u00bb<\/p>\n                    <p>\n                      <br>\n                    <\/p>\n                  <\/div>\n                <\/div>\n              <\/div>\n            <\/div>\n          <\/div>\n        <\/div>\n      <\/div>\n    <\/div>\n  <\/div>\n  <div data-colibri-component=\"section\" data-colibri-id=\"1695-c13\" id=\"custom-2\" class=\"h-section h-section-global-spacing d-flex align-items-lg-center align-items-md-center align-items-center style-743 style-local-1695-c13 position-relative\">\n    <!---->\n    <!---->\n    <div class=\"h-section-grid-container h-section-boxed-container\">\n      <!---->\n      <div data-colibri-id=\"1695-c14\" class=\"h-row-container gutters-row-lg-1 gutters-row-md-1 gutters-row-0 gutters-row-v-lg-1 gutters-row-v-md-1 gutters-row-v-1 style-744 style-local-1695-c14 position-relative\">\n        <!---->\n        <div class=\"h-row justify-content-lg-center justify-content-md-center justify-content-center align-items-lg-stretch align-items-md-stretch align-items-stretch gutters-col-lg-1 gutters-col-md-1 gutters-col-0 gutters-col-v-lg-1 gutters-col-v-md-1 gutters-col-v-1\">\n          <!---->\n          <div class=\"h-column h-column-container d-flex h-col-lg-auto h-col-md-auto h-col-auto style-745-outer style-local-1695-c15-outer\">\n            <div data-colibri-id=\"1695-c15\" class=\"d-flex h-flex-basis h-column__inner h-px-lg-1 h-px-md-1 h-px-1 v-inner-lg-1 v-inner-md-1 v-inner-1 style-745 style-local-1695-c15 position-relative\">\n              <!---->\n              <!---->\n              <div class=\"w-100 h-y-container h-column__content h-column__v-align flex-basis-100 align-self-lg-start align-self-md-start align-self-start\">\n                <!---->\n                <div data-colibri-id=\"1695-c16\" class=\"d-block style-748 style-local-1695-c16 position-relative h-element\">\n                  <!---->\n                  <div class=\"h-image__frame-container-outer\">\n                    <div class=\"h-image__frame-container\">\n                      <!---->\n                      <!---->\n                      <img loading=\"lazy\" decoding=\"async\" width=\"1478\" height=\"974\" src=\"https:\/\/www.mrcoueron.fr\/wp-content\/uploads\/2024\/02\/cropped-2024-02-18-12.07.03-1.jpg\" class=\"wp-image-2452 style-748-image style-local-1695-c16-image\" alt=\"\" srcset=\"https:\/\/www.mrcoueron.fr\/wp-content\/uploads\/2024\/02\/cropped-2024-02-18-12.07.03-1.jpg 1478w, https:\/\/www.mrcoueron.fr\/wp-content\/uploads\/2024\/02\/cropped-2024-02-18-12.07.03-1-300x198.jpg 300w, https:\/\/www.mrcoueron.fr\/wp-content\/uploads\/2024\/02\/cropped-2024-02-18-12.07.03-1-1024x675.jpg 1024w, https:\/\/www.mrcoueron.fr\/wp-content\/uploads\/2024\/02\/cropped-2024-02-18-12.07.03-1-768x506.jpg 768w\" sizes=\"auto, (max-width: 1478px) 100vw, 1478px\" \/>\n                      <div class=\"h-image__frame h-hide-lg h-hide-md h-hide-sm style-748-frameImage style-local-1695-c16-frameImage\"><\/div>\n                    <\/div>\n                  <\/div>\n                <\/div>\n              <\/div>\n            <\/div>\n          <\/div>\n          <div class=\"h-column h-column-container d-flex h-col-lg-auto h-col-md-auto h-col-auto style-746-outer style-local-1695-c17-outer\">\n            <div data-colibri-id=\"1695-c17\" class=\"d-flex h-flex-basis h-column__inner h-px-lg-1 h-px-md-1 h-px-1 v-inner-lg-1 v-inner-md-1 v-inner-1 style-746 style-local-1695-c17 position-relative\">\n              <!---->\n              <!---->\n              <div class=\"w-100 h-y-container h-column__content h-column__v-align flex-basis-100 align-self-lg-start align-self-md-start align-self-start\">\n                <!---->\n                <div data-colibri-id=\"1695-c18\" class=\"d-block style-749 style-local-1695-c18 position-relative h-element\">\n                  <!---->\n                  <div class=\"h-image__frame-container-outer\">\n                    <div class=\"h-image__frame-container\">\n                      <!---->\n                      <!---->\n                      <img loading=\"lazy\" decoding=\"async\" width=\"2560\" height=\"1920\" src=\"https:\/\/www.mrcoueron.fr\/wp-content\/uploads\/2023\/08\/20220507_101157-scaled.jpg\" class=\"wp-image-1799 style-749-image style-local-1695-c18-image\" alt=\"\" srcset=\"https:\/\/www.mrcoueron.fr\/wp-content\/uploads\/2023\/08\/20220507_101157-scaled.jpg 2560w, https:\/\/www.mrcoueron.fr\/wp-content\/uploads\/2023\/08\/20220507_101157-300x225.jpg 300w, https:\/\/www.mrcoueron.fr\/wp-content\/uploads\/2023\/08\/20220507_101157-1024x768.jpg 1024w, https:\/\/www.mrcoueron.fr\/wp-content\/uploads\/2023\/08\/20220507_101157-768x576.jpg 768w, https:\/\/www.mrcoueron.fr\/wp-content\/uploads\/2023\/08\/20220507_101157-1536x1152.jpg 1536w, https:\/\/www.mrcoueron.fr\/wp-content\/uploads\/2023\/08\/20220507_101157-2048x1536.jpg 2048w\" sizes=\"auto, (max-width: 2560px) 100vw, 2560px\" \/>\n                      <div class=\"h-image__frame h-hide-lg h-hide-md h-hide-sm style-749-frameImage style-local-1695-c18-frameImage\"><\/div>\n                    <\/div>\n                  <\/div>\n                <\/div>\n              <\/div>\n            <\/div>\n          <\/div>\n          <div class=\"h-column h-column-container d-flex h-col-lg-auto h-col-md-auto h-col-auto style-747-outer style-local-1695-c19-outer\">\n            <div data-colibri-id=\"1695-c19\" class=\"d-flex h-flex-basis h-column__inner h-px-lg-1 h-px-md-1 h-px-1 v-inner-lg-1 v-inner-md-1 v-inner-1 style-747 style-local-1695-c19 position-relative\">\n              <!---->\n              <!---->\n              <div class=\"w-100 h-y-container h-column__content h-column__v-align flex-basis-100 align-self-lg-start align-self-md-start align-self-start\">\n                <!---->\n                <div data-colibri-id=\"1695-c20\" class=\"d-block style-750 style-local-1695-c20 position-relative h-element\">\n                  <!---->\n                  <div class=\"h-image__frame-container-outer\">\n                    <div class=\"h-image__frame-container\">\n                      <!---->\n                      <!---->\n                      <img loading=\"lazy\" decoding=\"async\" width=\"2560\" height=\"1920\" src=\"https:\/\/www.mrcoueron.fr\/wp-content\/uploads\/2023\/08\/20201017_154201-scaled.jpg\" class=\"wp-image-1798 style-750-image style-local-1695-c20-image\" alt=\"\" srcset=\"https:\/\/www.mrcoueron.fr\/wp-content\/uploads\/2023\/08\/20201017_154201-scaled.jpg 2560w, https:\/\/www.mrcoueron.fr\/wp-content\/uploads\/2023\/08\/20201017_154201-300x225.jpg 300w, https:\/\/www.mrcoueron.fr\/wp-content\/uploads\/2023\/08\/20201017_154201-1024x768.jpg 1024w, https:\/\/www.mrcoueron.fr\/wp-content\/uploads\/2023\/08\/20201017_154201-768x576.jpg 768w, https:\/\/www.mrcoueron.fr\/wp-content\/uploads\/2023\/08\/20201017_154201-1536x1152.jpg 1536w, https:\/\/www.mrcoueron.fr\/wp-content\/uploads\/2023\/08\/20201017_154201-2048x1536.jpg 2048w\" sizes=\"auto, (max-width: 2560px) 100vw, 2560px\" \/>\n                      <div class=\"h-image__frame h-hide-lg h-hide-md h-hide-sm style-750-frameImage style-local-1695-c20-frameImage\"><\/div>\n                    <\/div>\n                  <\/div>\n                <\/div>\n              <\/div>\n            <\/div>\n          <\/div>\n        <\/div>\n      <\/div>\n    <\/div>\n  <\/div>\n<\/div>","protected":false},"excerpt":{"rendered":"<p>Les jours de marche classique sont (avec l&rsquo;allure) : &#8211; mardi (9h15) : allure 5.5 km\/h &#8211; jeudi (14h) : allure 5 km\/h &#8211; samedi (14h15) : allure 5.5 km\/h Concernant les lieux de marche : voir les calendriers Renseignements aupr\u00e8s de Fran\u00e7oise Le Pors, page \u00ab\u00a0contacts\u00a0\u00bb Du sociologue David Le Breton auteur du livre [&hellip;]<\/p>\n","protected":false},"author":2,"featured_media":0,"parent":0,"menu_order":0,"comment_status":"closed","ping_status":"closed","template":"page-templates\/full-width-page.php","meta":{"footnotes":""},"class_list":["post-1695","page","type-page","status-publish","hentry"],"_links":{"self":[{"href":"https:\/\/www.mrcoueron.fr\/index.php\/wp-json\/wp\/v2\/pages\/1695","targetHints":{"allow":["GET"]}}],"collection":[{"href":"https:\/\/www.mrcoueron.fr\/index.php\/wp-json\/wp\/v2\/pages"}],"about":[{"href":"https:\/\/www.mrcoueron.fr\/index.php\/wp-json\/wp\/v2\/types\/page"}],"author":[{"embeddable":true,"href":"https:\/\/www.mrcoueron.fr\/index.php\/wp-json\/wp\/v2\/users\/2"}],"replies":[{"embeddable":true,"href":"https:\/\/www.mrcoueron.fr\/index.php\/wp-json\/wp\/v2\/comments?post=1695"}],"version-history":[{"count":15,"href":"https:\/\/www.mrcoueron.fr\/index.php\/wp-json\/wp\/v2\/pages\/1695\/revisions"}],"predecessor-version":[{"id":3416,"href":"https:\/\/www.mrcoueron.fr\/index.php\/wp-json\/wp\/v2\/pages\/1695\/revisions\/3416"}],"wp:attachment":[{"href":"https:\/\/www.mrcoueron.fr\/index.php\/wp-json\/wp\/v2\/media?parent=1695"}],"curies":[{"name":"wp","href":"https:\/\/api.w.org\/{rel}","templated":true}]}}