{"id":235,"date":"2023-05-30T09:11:54","date_gmt":"2023-05-30T07:11:54","guid":{"rendered":"http:\/\/njdwdmk.cluster031.hosting.ovh.net\/?page_id=235"},"modified":"2023-09-03T15:59:05","modified_gmt":"2023-09-03T13:59:05","slug":"faq","status":"publish","type":"page","link":"https:\/\/www.mrcoueron.fr\/index.php\/faq\/","title":{"rendered":"FAQ"},"content":{"rendered":"<div data-colibri-id=\"235-c1\" class=\"style-539 style-local-235-c1 position-relative\">\n  <!---->\n  <div data-colibri-component=\"section\" data-colibri-id=\"235-c2\" id=\"custom\" class=\"h-section h-section-global-spacing d-flex align-items-lg-center align-items-md-center align-items-center style-550 style-local-235-c2 position-relative\">\n    <!---->\n    <!---->\n    <div class=\"h-section-grid-container h-section-boxed-container\">\n      <!---->\n      <div data-colibri-id=\"235-c3\" class=\"h-row-container gutters-row-lg-2 gutters-row-md-2 gutters-row-0 gutters-row-v-lg-2 gutters-row-v-md-2 gutters-row-v-2 style-551 style-local-235-c3 position-relative\">\n        <!---->\n        <div class=\"h-row justify-content-lg-center justify-content-md-center justify-content-center align-items-lg-stretch align-items-md-stretch align-items-stretch gutters-col-lg-2 gutters-col-md-2 gutters-col-0 gutters-col-v-lg-2 gutters-col-v-md-2 gutters-col-v-2\">\n          <!---->\n          <div class=\"h-column h-column-container d-flex h-col-lg-auto h-col-md-auto h-col-auto style-552-outer style-local-235-c4-outer\">\n            <div data-colibri-id=\"235-c4\" class=\"d-flex h-flex-basis h-column__inner h-px-lg-2 h-px-md-2 h-px-2 v-inner-lg-2 v-inner-md-2 v-inner-2 style-552 style-local-235-c4 position-relative\">\n              <!---->\n              <!---->\n              <div class=\"w-100 h-y-container h-column__content h-column__v-align flex-basis-100 align-self-lg-start align-self-md-start align-self-start\">\n                <!---->\n                <div data-colibri-id=\"235-c5\" class=\"h-text h-text-component style-553 style-local-235-c5 position-relative h-element\">\n                  <!---->\n                  <!---->\n                  <div class=\"\">\n                    <p><span style=\"font-weight: 400; font-size: 16px; font-family: &quot;Open Sans&quot;; color: rgb(70, 112, 127);\"><div id=\"faq-667\" class=\"arconix-faq-wrap\"><div id=\"faq-Quandontlieulesmarchesnordiques\" class=\"arconix-faq-title faq-closed\">Quand ont lieu les marches nordiques ?<\/div><div class=\"arconix-faq-content faq-closed\"><ul>\r\n      \t\r\n         <li>le mardi soir<\/li>\r\n         <li>le mercredi matin <\/li>\r\n        <li>le jeudi matin<\/li>\r\n\t<li>le dimanche matin<\/li>\r\n<\/ul>\r\n\r\n\r\n\r\n<\/div><\/div><\/span><\/p>\n                    <div id=\"faq-1583\" class=\"arconix-faq-wrap\"><div id=\"faq-Quandontlieulesmarchesclassiques\" class=\"arconix-faq-title faq-closed\">Quand ont lieu les marches classiques ?<\/div><div class=\"arconix-faq-content faq-closed\">Les marches classiques sont :\r\n<ul>\r\n \t<li>le mardi matin<\/li>\r\n \t<li>le jeudi apr\u00e8s midi<\/li>\r\n \t<li>le samedi apr\u00e8s midi<\/li>\r\n<\/ul><\/div><\/div>\n                    <div id=\"faq-1591\" class=\"arconix-faq-wrap\"><div id=\"faq-Quelleseraleprixdemacotisation\" class=\"arconix-faq-title faq-closed\">Quelle sera le prix de ma cotisation ?<\/div><div class=\"arconix-faq-content faq-closed\"><ul>\r\n \t<li>le tarif est de 31 \u20acuros en marche classique<\/li>\r\n \t<li>le tarif est de 36 \u20acuros en marche nordique<\/li>\r\n \t<li>Si vous souhaitez cumuler les 2 marches, alors le tarif est de 36 \u20acuros<\/li>\r\n<\/ul><\/div><\/div>\n                    <p><span style=\"color: rgb(70, 112, 127); font-family: &quot;Open Sans&quot;; font-size: 16px; font-weight: 400;\"><div id=\"faq-1589\" class=\"arconix-faq-wrap\"><div id=\"faq-Quelleestladuredrsquounemarcheetladistanceparcourue\" class=\"arconix-faq-title faq-closed\">Quelle est la dur\u00e9e d&rsquo;une marche et la distance parcourue ?<\/div><div class=\"arconix-faq-content faq-closed\"><ul>\r\n \t<li>En marche classique, les distances varient entre 9 et 12 Km sur une s\u00e9ance de 2 heures<\/li>\r\n \t<li>En marche nordique la s\u00e9ance dure 2 heures. Elle est compos\u00e9e d&rsquo;\u00e9chauffements, d&rsquo;\u00e9volution en marche nordique et d&rsquo;\u00e9tirements. La distance parcourue est entre 8 et 11 km<\/li>\r\n<\/ul><\/div><\/div><\/span><\/p>\n                    <p><span style=\"color: rgb(70, 112, 127); font-family: &quot;Open Sans&quot;; font-size: 16px; font-weight: 400;\"><div id=\"faq-1586\" class=\"arconix-faq-wrap\"><div id=\"faq-Puisjetesterlamarchenordiquesijenrsquoaipasdrsquoquipement\" class=\"arconix-faq-title faq-closed\">Puis je tester la marche nordique si je n&rsquo;ai pas d&rsquo;\u00e9quipement ?<\/div><div class=\"arconix-faq-content faq-closed\">La MRC pr\u00eate des b\u00e2tons de marche nordique pour les 2 premi\u00e8res s\u00e9ances d&rsquo;initiation.<\/div><\/div><\/span><\/p>\n                    <p><span style=\"color: rgb(70, 112, 127); font-family: &quot;Open Sans&quot;; font-size: 16px; font-weight: 400;\"><div id=\"faq-694\" class=\"arconix-faq-wrap\"><div id=\"faq-lesmarchessonttoujoursaummeendroit\" class=\"arconix-faq-title faq-open\">les marches sont toujours au m\u00eame endroit ?<\/div><div class=\"arconix-faq-content faq-open\">non, on change r\u00e9guli\u00e8rement les endroits de marche : voir les lieux de RDV dans les calendriers<div class=\"arconix-faq-to-top\"><a href=\"#faq-lesmarchessonttoujoursaummeendroit\">Return to Top<\/a><\/div><\/div><\/div><\/span><\/p>\n                    <p>\n                      <br>\n                    <\/p>\n                    <p>\n                      <br>\n                    <\/p>\n                  <\/div>\n                <\/div>\n              <\/div>\n            <\/div>\n          <\/div>\n        <\/div>\n      <\/div>\n    <\/div>\n  <\/div>\n<\/div>","protected":false},"excerpt":{"rendered":"","protected":false},"author":2,"featured_media":0,"parent":0,"menu_order":0,"comment_status":"closed","ping_status":"closed","template":"page-templates\/full-width-page.php","meta":{"footnotes":""},"class_list":["post-235","page","type-page","status-publish","hentry"],"_links":{"self":[{"href":"https:\/\/www.mrcoueron.fr\/index.php\/wp-json\/wp\/v2\/pages\/235","targetHints":{"allow":["GET"]}}],"collection":[{"href":"https:\/\/www.mrcoueron.fr\/index.php\/wp-json\/wp\/v2\/pages"}],"about":[{"href":"https:\/\/www.mrcoueron.fr\/index.php\/wp-json\/wp\/v2\/types\/page"}],"author":[{"embeddable":true,"href":"https:\/\/www.mrcoueron.fr\/index.php\/wp-json\/wp\/v2\/users\/2"}],"replies":[{"embeddable":true,"href":"https:\/\/www.mrcoueron.fr\/index.php\/wp-json\/wp\/v2\/comments?post=235"}],"version-history":[{"count":14,"href":"https:\/\/www.mrcoueron.fr\/index.php\/wp-json\/wp\/v2\/pages\/235\/revisions"}],"predecessor-version":[{"id":2049,"href":"https:\/\/www.mrcoueron.fr\/index.php\/wp-json\/wp\/v2\/pages\/235\/revisions\/2049"}],"wp:attachment":[{"href":"https:\/\/www.mrcoueron.fr\/index.php\/wp-json\/wp\/v2\/media?parent=235"}],"curies":[{"name":"wp","href":"https:\/\/api.w.org\/{rel}","templated":true}]}}